{"id":2,"date":"2025-09-09T12:07:00","date_gmt":"2025-09-09T12:07:00","guid":{"rendered":"http:\/\/www.milliontrader.net\/?page_id=2"},"modified":"2025-11-11T08:28:04","modified_gmt":"2025-11-11T08:28:04","slug":"sample-page","status":"publish","type":"page","link":"https:\/\/www.miliontrader.com\/","title":{"rendered":"Million Trader"},"content":{"rendered":"\t\t<div data-elementor-type=\"wp-page\" data-elementor-id=\"2\" class=\"elementor elementor-2\" data-elementor-post-type=\"page\">\n\t\t\t\t\t\t<section class=\"elementor-section elementor-top-section elementor-element elementor-element-7d2555e9 elementor-section-boxed elementor-section-height-default elementor-section-height-default\" data-id=\"7d2555e9\" data-element_type=\"section\" data-settings=\"{&quot;background_background&quot;:&quot;gradient&quot;}\">\n\t\t\t\t\t\t<div class=\"elementor-container elementor-column-gap-default\">\n\t\t\t\t\t<div class=\"elementor-column elementor-col-100 elementor-top-column elementor-element elementor-element-3da83064\" data-id=\"3da83064\" data-element_type=\"column\">\n\t\t\t<div class=\"elementor-widget-wrap elementor-element-populated\">\n\t\t\t\t\t\t<div class=\"elementor-element elementor-element-69b0f18b elementor-widget elementor-widget-text-editor\" data-id=\"69b0f18b\" data-element_type=\"widget\" data-widget_type=\"text-editor.default\">\n\t\t\t\t\t\t\t\t\tCanal VIP | <strong>100 Plazas Gratuitas<\/strong>\t\t\t\t\t\t\t\t<\/div>\n\t\t\t\t\t<\/div>\n\t\t<\/div>\n\t\t\t\t\t<\/div>\n\t\t<\/section>\n\t\t\t\t<section class=\"elementor-section elementor-top-section elementor-element elementor-element-5163bda8 elementor-section-full_width elementor-section-height-default elementor-section-height-default\" data-id=\"5163bda8\" data-element_type=\"section\" data-settings=\"{&quot;background_background&quot;:&quot;classic&quot;}\">\n\t\t\t\t\t\t\t<div class=\"elementor-background-overlay\"><\/div>\n\t\t\t\t\t\t\t<div class=\"elementor-container elementor-column-gap-default\">\n\t\t\t\t\t<div class=\"elementor-column elementor-col-100 elementor-top-column elementor-element elementor-element-47f47896\" data-id=\"47f47896\" data-element_type=\"column\">\n\t\t\t<div class=\"elementor-widget-wrap elementor-element-populated\">\n\t\t\t\t\t\t<section class=\"elementor-section elementor-inner-section elementor-element elementor-element-4e0b439 elementor-section-full_width elementor-section-content-middle elementor-reverse-mobile elementor-section-height-default elementor-section-height-default\" data-id=\"4e0b439\" data-element_type=\"section\">\n\t\t\t\t\t\t<div class=\"elementor-container elementor-column-gap-default\">\n\t\t\t\t\t<div class=\"elementor-column elementor-col-50 elementor-inner-column elementor-element elementor-element-5d74d7f1\" data-id=\"5d74d7f1\" data-element_type=\"column\">\n\t\t\t<div class=\"elementor-widget-wrap elementor-element-populated\">\n\t\t\t\t\t\t<section class=\"elementor-section elementor-inner-section elementor-element elementor-element-3976dcb8 elementor-section-boxed elementor-section-height-default elementor-section-height-default\" data-id=\"3976dcb8\" data-element_type=\"section\">\n\t\t\t\t\t\t<div class=\"elementor-container elementor-column-gap-default\">\n\t\t\t\t\t<div class=\"elementor-column elementor-col-100 elementor-inner-column elementor-element elementor-element-46232ea\" data-id=\"46232ea\" data-element_type=\"column\">\n\t\t\t<div class=\"elementor-widget-wrap elementor-element-populated\">\n\t\t\t\t\t\t<div class=\"elementor-element elementor-element-70c3cb5c elementor-widget elementor-widget-heading\" data-id=\"70c3cb5c\" data-element_type=\"widget\" data-widget_type=\"heading.default\">\n\t\t\t\t\t<h1 class=\"elementor-heading-title elementor-size-default\">Haz clic en el bot\u00f3n de abajo y accede ahora mismo a mi <span style=\"color:  #00FF84\">Grupo Gratuito en Telegram<\/b><\/h1>\t\t\t\t<\/div>\n\t\t\t\t\t<\/div>\n\t\t<\/div>\n\t\t\t\t\t<\/div>\n\t\t<\/section>\n\t\t\t\t<div class=\"elementor-element elementor-element-21fbd0d elementor-widget elementor-widget-heading\" data-id=\"21fbd0d\" data-element_type=\"widget\" data-widget_type=\"heading.default\">\n\t\t\t\t\t<h2 class=\"elementor-heading-title elementor-size-default\">Desbloquea tu acceso al grupo de Telegram VIP:<\/h2>\t\t\t\t<\/div>\n\t\t\t\t<div class=\"elementor-element elementor-element-b05491a elementor-widget__width-initial elementor-button-align-stretch elementor-invisible elementor-widget elementor-widget-form\" data-id=\"b05491a\" data-element_type=\"widget\" data-settings=\"{&quot;step_next_label&quot;:&quot;Next&quot;,&quot;step_previous_label&quot;:&quot;Previous&quot;,&quot;_animation&quot;:&quot;fadeInUp&quot;,&quot;button_width&quot;:&quot;100&quot;,&quot;step_type&quot;:&quot;number_text&quot;,&quot;step_icon_shape&quot;:&quot;circle&quot;}\" data-widget_type=\"form.default\">\n\t\t\t\t\t\t\t<form class=\"elementor-form\" method=\"post\" name=\"New Form\" aria-label=\"New Form\">\n\t\t\t<input type=\"hidden\" name=\"post_id\" value=\"2\"\/>\n\t\t\t<input type=\"hidden\" name=\"form_id\" value=\"b05491a\"\/>\n\t\t\t<input type=\"hidden\" name=\"referer_title\" value=\"Million Trader\" \/>\n\n\t\t\t\n\t\t\t<div class=\"elementor-form-fields-wrapper elementor-labels-above\">\n\t\t\t\t\t\t\t\t<div class=\"elementor-field-type-email elementor-field-group elementor-column elementor-field-group-email elementor-col-100 elementor-field-required\">\n\t\t\t\t\t\t\t\t\t\t\t\t\t<input size=\"1\" type=\"email\" name=\"form_fields[email]\" id=\"form-field-email\" class=\"elementor-field elementor-size-sm  elementor-field-textual\" placeholder=\"Correo electr\u00f3nico\" required=\"required\">\n\t\t\t\t\t\t\t\t\t\t\t<\/div>\n\t\t\t\t\t\t\t\t<div class=\"elementor-field-group elementor-column elementor-field-type-submit elementor-col-100 e-form__buttons\">\n\t\t\t\t\t<button class=\"elementor-button elementor-size-sm\" type=\"submit\">\n\t\t\t\t\t\t<span class=\"elementor-button-content-wrapper\">\n\t\t\t\t\t\t\t\t\t\t\t\t\t\t\t<span class=\"elementor-button-icon\">\n\t\t\t\t\t\t\t\t\t<svg aria-hidden=\"true\" class=\"e-font-icon-svg e-fab-telegram-plane\" viewBox=\"0 0 448 512\" xmlns=\"http:\/\/www.w3.org\/2000\/svg\"><path d=\"M446.7 98.6l-67.6 318.8c-5.1 22.5-18.4 28.1-37.3 17.5l-103-75.9-49.7 47.8c-5.5 5.5-10.1 10.1-20.7 10.1l7.4-104.9 190.9-172.5c8.3-7.4-1.8-11.5-12.9-4.1L117.8 284 16.2 252.2c-22.1-6.9-22.5-22.1 4.6-32.7L418.2 66.4c18.4-6.9 34.5 4.1 28.5 32.2z\"><\/path><\/svg>\t\t\t\t\t\t\t\t\t\t\t\t\t\t\t\t\t<\/span>\n\t\t\t\t\t\t\t\t\t\t\t\t\t\t\t\t\t\t\t\t\t\t<span class=\"elementor-button-text\">Accede aqu\u00ed a nuestro grupo<\/span>\n\t\t\t\t\t\t\t\t\t\t\t\t\t<\/span>\n\t\t\t\t\t<\/button>\n\t\t\t\t<\/div>\n\t\t\t<\/div>\n\t\t<\/form>\n\t\t\t\t\t\t<\/div>\n\t\t\t\t<div class=\"elementor-element elementor-element-679fd77e elementor-widget elementor-widget-heading\" data-id=\"679fd77e\" data-element_type=\"widget\" data-widget_type=\"heading.default\">\n\t\t\t\t\t<h2 class=\"elementor-heading-title elementor-size-default\">\u00bfNo tienes Telegram en tu m\u00f3vil?<\/h2>\t\t\t\t<\/div>\n\t\t\t\t<div class=\"elementor-element elementor-element-58e2657e elementor-widget elementor-widget-heading\" data-id=\"58e2657e\" data-element_type=\"widget\" data-widget_type=\"heading.default\">\n\t\t\t\t\t<h2 class=\"elementor-heading-title elementor-size-default\">Haz clic en el bot\u00f3n de abajo y desc\u00e1rgalo<\/h2>\t\t\t\t<\/div>\n\t\t\t\t<div class=\"elementor-element elementor-element-4e99aecf elementor-widget__width-initial elementor-widget elementor-widget-image\" data-id=\"4e99aecf\" data-element_type=\"widget\" data-widget_type=\"image.default\">\n\t\t\t\t\t\t\t\t\t\t\t\t\t\t\t\t<a href=\"https:\/\/play.google.com\/store\/apps\/details?id=org.telegram.messenger\">\n\t\t\t\t\t\t\t<img fetchpriority=\"high\" decoding=\"async\" width=\"793\" height=\"239\" src=\"https:\/\/www.miliontrader.com\/wp-content\/uploads\/2025\/09\/3.webp\" class=\"attachment-large size-large wp-image-16\" alt=\"\" srcset=\"https:\/\/www.miliontrader.com\/wp-content\/uploads\/2025\/09\/3.webp 793w, https:\/\/www.miliontrader.com\/wp-content\/uploads\/2025\/09\/3-300x90.webp 300w, https:\/\/www.miliontrader.com\/wp-content\/uploads\/2025\/09\/3-768x231.webp 768w\" sizes=\"(max-width: 793px) 100vw, 793px\" \/>\t\t\t\t\t\t\t\t<\/a>\n\t\t\t\t\t\t\t\t\t\t\t\t\t\t\t<\/div>\n\t\t\t\t<div class=\"elementor-element elementor-element-2a958cb7 elementor-widget__width-initial elementor-widget elementor-widget-image\" data-id=\"2a958cb7\" data-element_type=\"widget\" data-widget_type=\"image.default\">\n\t\t\t\t\t\t\t\t\t\t\t\t\t\t\t\t<a href=\"https:\/\/apps.apple.com\/es\/app\/telegram-messenger\/id686449807\">\n\t\t\t\t\t\t\t<img decoding=\"async\" width=\"794\" height=\"239\" src=\"https:\/\/www.miliontrader.com\/wp-content\/uploads\/2025\/09\/4.webp\" class=\"attachment-large size-large wp-image-17\" alt=\"\" srcset=\"https:\/\/www.miliontrader.com\/wp-content\/uploads\/2025\/09\/4.webp 794w, https:\/\/www.miliontrader.com\/wp-content\/uploads\/2025\/09\/4-300x90.webp 300w, https:\/\/www.miliontrader.com\/wp-content\/uploads\/2025\/09\/4-768x231.webp 768w\" sizes=\"(max-width: 794px) 100vw, 794px\" \/>\t\t\t\t\t\t\t\t<\/a>\n\t\t\t\t\t\t\t\t\t\t\t\t\t\t\t<\/div>\n\t\t\t\t\t<\/div>\n\t\t<\/div>\n\t\t\t\t<div class=\"elementor-column elementor-col-50 elementor-inner-column elementor-element elementor-element-24185dfc\" data-id=\"24185dfc\" data-element_type=\"column\">\n\t\t\t<div class=\"elementor-widget-wrap elementor-element-populated\">\n\t\t\t\t\t\t<div class=\"elementor-element elementor-element-3573f325 elementor-widget elementor-widget-spacer\" data-id=\"3573f325\" data-element_type=\"widget\" data-widget_type=\"spacer.default\">\n\t\t\t\t\t\t\t<div class=\"elementor-spacer\">\n\t\t\t<div class=\"elementor-spacer-inner\"><\/div>\n\t\t<\/div>\n\t\t\t\t\t\t<\/div>\n\t\t\t\t\t<\/div>\n\t\t<\/div>\n\t\t\t\t\t<\/div>\n\t\t<\/section>\n\t\t\t\t\t<\/div>\n\t\t<\/div>\n\t\t\t\t\t<\/div>\n\t\t<\/section>\n\t\t\t\t<section class=\"elementor-section elementor-top-section elementor-element elementor-element-1864be95 elementor-section-boxed elementor-section-height-default elementor-section-height-default\" data-id=\"1864be95\" data-element_type=\"section\" data-settings=\"{&quot;background_background&quot;:&quot;classic&quot;}\">\n\t\t\t\t\t\t<div class=\"elementor-container elementor-column-gap-default\">\n\t\t\t\t\t<div class=\"elementor-column elementor-col-100 elementor-top-column elementor-element elementor-element-2271222e\" data-id=\"2271222e\" data-element_type=\"column\">\n\t\t\t<div class=\"elementor-widget-wrap elementor-element-populated\">\n\t\t\t\t\t\t<div class=\"elementor-element elementor-element-6214360 elementor-widget elementor-widget-text-editor\" data-id=\"6214360\" data-element_type=\"widget\" data-widget_type=\"text-editor.default\">\n\t\t\t\t\t\t\t\t\tMilliontrader\u00a9 Copyright. Todos los derechos reservados\n\t\t\t\t\t\t\t\t<\/div>\n\t\t\t\t\t<\/div>\n\t\t<\/div>\n\t\t\t\t\t<\/div>\n\t\t<\/section>\n\t\t\t\t<\/div>\n\t\t","protected":false},"excerpt":{"rendered":"<p>Canal VIP | 100 Plazas Gratuitas Haz clic en el bot\u00f3n de abajo y accede ahora mismo a mi Grupo Gratuito en Telegram Desbloquea tu acceso al grupo de Telegram VIP: \u00bfNo tienes Telegram en tu m\u00f3vil? Haz clic en el bot\u00f3n de abajo y desc\u00e1rgalo Milliontrader\u00a9 Copyright. Todos los derechos reservados<\/p>\n","protected":false},"author":1,"featured_media":27,"parent":0,"menu_order":0,"comment_status":"closed","ping_status":"open","template":"elementor_canvas","meta":{"footnotes":""},"class_list":["post-2","page","type-page","status-publish","has-post-thumbnail","hentry"],"yoast_head":"<!-- This site is optimized with the Yoast SEO plugin v26.2 - https:\/\/yoast.com\/wordpress\/plugins\/seo\/ -->\n<title>Se\u00f1ales de Trading, Alertas de Trading -\u00a0Canal\u00a0VIP | Million Trader<\/title>\n<meta name=\"description\" content=\"Se\u00f1ales de trading, Alertas de trading -\u00a0Canal\u00a0VIP.\" \/>\n<meta name=\"robots\" content=\"index, follow, max-snippet:-1, max-image-preview:large, max-video-preview:-1\" \/>\n<link rel=\"canonical\" href=\"https:\/\/www.miliontrader.com\/\" \/>\n<meta property=\"og:locale\" content=\"es_ES\" \/>\n<meta property=\"og:type\" content=\"article\" \/>\n<meta property=\"og:title\" content=\"Se\u00f1ales de Trading, Alertas de Trading -\u00a0Canal\u00a0VIP | Million Trader\" \/>\n<meta property=\"og:description\" content=\"Se\u00f1ales de trading, Alertas de trading -\u00a0Canal\u00a0VIP.\" \/>\n<meta property=\"og:url\" content=\"https:\/\/www.miliontrader.com\/\" \/>\n<meta property=\"og:site_name\" content=\"Million Trader\" \/>\n<meta property=\"article:modified_time\" content=\"2025-11-11T08:28:04+00:00\" \/>\n<meta property=\"og:image\" content=\"https:\/\/www.miliontrader.com\/wp-content\/uploads\/2025\/09\/c2.webp\" \/>\n\t<meta property=\"og:image:width\" content=\"2560\" \/>\n\t<meta property=\"og:image:height\" content=\"1851\" \/>\n\t<meta property=\"og:image:type\" content=\"image\/webp\" \/>\n<meta name=\"twitter:card\" content=\"summary_large_image\" \/>\n<meta name=\"twitter:label1\" content=\"Tiempo de lectura\" \/>\n\t<meta name=\"twitter:data1\" content=\"1 minuto\" \/>\n<script type=\"application\/ld+json\" class=\"yoast-schema-graph\">{\"@context\":\"https:\/\/schema.org\",\"@graph\":[{\"@type\":\"WebPage\",\"@id\":\"https:\/\/www.miliontrader.com\/\",\"url\":\"https:\/\/www.miliontrader.com\/\",\"name\":\"Se\u00f1ales de Trading, Alertas de Trading -\u00a0Canal\u00a0VIP | Million Trader\",\"isPartOf\":{\"@id\":\"https:\/\/www.miliontrader.com\/#website\"},\"primaryImageOfPage\":{\"@id\":\"https:\/\/www.miliontrader.com\/#primaryimage\"},\"image\":{\"@id\":\"https:\/\/www.miliontrader.com\/#primaryimage\"},\"thumbnailUrl\":\"https:\/\/www.miliontrader.com\/wp-content\/uploads\/2025\/09\/c2.webp\",\"datePublished\":\"2025-09-09T12:07:00+00:00\",\"dateModified\":\"2025-11-11T08:28:04+00:00\",\"description\":\"Se\u00f1ales de trading, Alertas de trading -\u00a0Canal\u00a0VIP.\",\"breadcrumb\":{\"@id\":\"https:\/\/www.miliontrader.com\/#breadcrumb\"},\"inLanguage\":\"es\",\"potentialAction\":[{\"@type\":\"ReadAction\",\"target\":[\"https:\/\/www.miliontrader.com\/\"]}]},{\"@type\":\"ImageObject\",\"inLanguage\":\"es\",\"@id\":\"https:\/\/www.miliontrader.com\/#primaryimage\",\"url\":\"https:\/\/www.miliontrader.com\/wp-content\/uploads\/2025\/09\/c2.webp\",\"contentUrl\":\"https:\/\/www.miliontrader.com\/wp-content\/uploads\/2025\/09\/c2.webp\",\"width\":2560,\"height\":1851},{\"@type\":\"BreadcrumbList\",\"@id\":\"https:\/\/www.miliontrader.com\/#breadcrumb\",\"itemListElement\":[{\"@type\":\"ListItem\",\"position\":1,\"name\":\"Portada\",\"item\":\"https:\/\/www.miliontrader.com\/\"},{\"@type\":\"ListItem\",\"position\":2,\"name\":\"Million Trader\"}]},{\"@type\":\"WebSite\",\"@id\":\"https:\/\/www.miliontrader.com\/#website\",\"url\":\"https:\/\/www.miliontrader.com\/\",\"name\":\"Million Trader\",\"description\":\"\",\"potentialAction\":[{\"@type\":\"SearchAction\",\"target\":{\"@type\":\"EntryPoint\",\"urlTemplate\":\"https:\/\/www.miliontrader.com\/?s={search_term_string}\"},\"query-input\":{\"@type\":\"PropertyValueSpecification\",\"valueRequired\":true,\"valueName\":\"search_term_string\"}}],\"inLanguage\":\"es\"}]}<\/script>\n<!-- \/ Yoast SEO plugin. -->","yoast_head_json":{"title":"Se\u00f1ales de Trading, Alertas de Trading -\u00a0Canal\u00a0VIP | Million Trader","description":"Se\u00f1ales de trading, Alertas de trading -\u00a0Canal\u00a0VIP.","robots":{"index":"index","follow":"follow","max-snippet":"max-snippet:-1","max-image-preview":"max-image-preview:large","max-video-preview":"max-video-preview:-1"},"canonical":"https:\/\/www.miliontrader.com\/","og_locale":"es_ES","og_type":"article","og_title":"Se\u00f1ales de Trading, Alertas de Trading -\u00a0Canal\u00a0VIP | Million Trader","og_description":"Se\u00f1ales de trading, Alertas de trading -\u00a0Canal\u00a0VIP.","og_url":"https:\/\/www.miliontrader.com\/","og_site_name":"Million Trader","article_modified_time":"2025-11-11T08:28:04+00:00","og_image":[{"width":2560,"height":1851,"url":"https:\/\/www.miliontrader.com\/wp-content\/uploads\/2025\/09\/c2.webp","type":"image\/webp"}],"twitter_card":"summary_large_image","twitter_misc":{"Tiempo de lectura":"1 minuto"},"schema":{"@context":"https:\/\/schema.org","@graph":[{"@type":"WebPage","@id":"https:\/\/www.miliontrader.com\/","url":"https:\/\/www.miliontrader.com\/","name":"Se\u00f1ales de Trading, Alertas de Trading -\u00a0Canal\u00a0VIP | Million Trader","isPartOf":{"@id":"https:\/\/www.miliontrader.com\/#website"},"primaryImageOfPage":{"@id":"https:\/\/www.miliontrader.com\/#primaryimage"},"image":{"@id":"https:\/\/www.miliontrader.com\/#primaryimage"},"thumbnailUrl":"https:\/\/www.miliontrader.com\/wp-content\/uploads\/2025\/09\/c2.webp","datePublished":"2025-09-09T12:07:00+00:00","dateModified":"2025-11-11T08:28:04+00:00","description":"Se\u00f1ales de trading, Alertas de trading -\u00a0Canal\u00a0VIP.","breadcrumb":{"@id":"https:\/\/www.miliontrader.com\/#breadcrumb"},"inLanguage":"es","potentialAction":[{"@type":"ReadAction","target":["https:\/\/www.miliontrader.com\/"]}]},{"@type":"ImageObject","inLanguage":"es","@id":"https:\/\/www.miliontrader.com\/#primaryimage","url":"https:\/\/www.miliontrader.com\/wp-content\/uploads\/2025\/09\/c2.webp","contentUrl":"https:\/\/www.miliontrader.com\/wp-content\/uploads\/2025\/09\/c2.webp","width":2560,"height":1851},{"@type":"BreadcrumbList","@id":"https:\/\/www.miliontrader.com\/#breadcrumb","itemListElement":[{"@type":"ListItem","position":1,"name":"Portada","item":"https:\/\/www.miliontrader.com\/"},{"@type":"ListItem","position":2,"name":"Million Trader"}]},{"@type":"WebSite","@id":"https:\/\/www.miliontrader.com\/#website","url":"https:\/\/www.miliontrader.com\/","name":"Million Trader","description":"","potentialAction":[{"@type":"SearchAction","target":{"@type":"EntryPoint","urlTemplate":"https:\/\/www.miliontrader.com\/?s={search_term_string}"},"query-input":{"@type":"PropertyValueSpecification","valueRequired":true,"valueName":"search_term_string"}}],"inLanguage":"es"}]}},"_links":{"self":[{"href":"https:\/\/www.miliontrader.com\/index.php?rest_route=\/wp\/v2\/pages\/2","targetHints":{"allow":["GET"]}}],"collection":[{"href":"https:\/\/www.miliontrader.com\/index.php?rest_route=\/wp\/v2\/pages"}],"about":[{"href":"https:\/\/www.miliontrader.com\/index.php?rest_route=\/wp\/v2\/types\/page"}],"author":[{"embeddable":true,"href":"https:\/\/www.miliontrader.com\/index.php?rest_route=\/wp\/v2\/users\/1"}],"replies":[{"embeddable":true,"href":"https:\/\/www.miliontrader.com\/index.php?rest_route=%2Fwp%2Fv2%2Fcomments&post=2"}],"version-history":[{"count":55,"href":"https:\/\/www.miliontrader.com\/index.php?rest_route=\/wp\/v2\/pages\/2\/revisions"}],"predecessor-version":[{"id":97,"href":"https:\/\/www.miliontrader.com\/index.php?rest_route=\/wp\/v2\/pages\/2\/revisions\/97"}],"wp:featuredmedia":[{"embeddable":true,"href":"https:\/\/www.miliontrader.com\/index.php?rest_route=\/wp\/v2\/media\/27"}],"wp:attachment":[{"href":"https:\/\/www.miliontrader.com\/index.php?rest_route=%2Fwp%2Fv2%2Fmedia&parent=2"}],"curies":[{"name":"wp","href":"https:\/\/api.w.org\/{rel}","templated":true}]}}